{"id":10,"date":"2026-02-28T23:50:30","date_gmt":"2026-02-28T23:50:30","guid":{"rendered":"https:\/\/codefend.com\/w\/?page_id=10"},"modified":"2026-05-12T05:51:18","modified_gmt":"2026-05-12T05:51:18","slug":"home","status":"publish","type":"page","link":"https:\/\/www.codefend.com\/w\/","title":{"rendered":"Servicios de seguridad IT"},"content":{"rendered":"<ul class=\"wp-block-page-list\"><li class=\"wp-block-pages-list__item\"><a class=\"wp-block-pages-list__item__link\" href=\"https:\/\/www.codefend.com\/w\/records\/\">Records &amp; news<\/a><\/li><li class=\"wp-block-pages-list__item menu-item-home\"><a class=\"wp-block-pages-list__item__link\" href=\"https:\/\/www.codefend.com\/w\/\">Servicios de seguridad IT<\/a><\/li><\/ul>\n\n\n<p>Ofrecemos soluciones de seguridad, an\u00e1lisis de riesgos, pruebas de penetration y practicas de equipo rojo. Ponemos a prueba la seguridad de su organizaci\u00f3n, detectando riesgos y optimizando los mecanismos de defensas de su infrastructura.<\/p>\n\n\n\n<h3 class=\"wp-block-heading\">\u00a0<strong>Aplicaciones Web<\/strong><\/h3>\n\n\n\n<p>Realizamos <strong>Pentest profesionales en aplicaciones web<\/strong> para identificar y eliminar vulnerabilidades antes de que un atacante las explote. Combinamos metodolog\u00eda manual avanzada con las mejores pr\u00e1cticas internacionales y t\u00e9cnicas avanzadas para entregar reportes claros, accionables y orientados a negocio.<\/p>\n\n\n\n<h3 class=\"wp-block-heading\"><strong>Aplicaciones Mobile<\/strong><\/h3>\n\n\n\n<p>Realizamos <strong>Pentest profesionales en aplicaciones m\u00f3viles<\/strong> (Android e iOS) para descubrir vulnerabilidades de seguridad antes de que sean explotadas. Combinamos an\u00e1lisis est\u00e1tico, din\u00e1mico y reverse engineering con las mejores pr\u00e1cticas (OWASP MASVS y MSTG) para entregar reportes claros, accionables y orientados a negocio.<\/p>\n\n\n\n<h3 class=\"wp-block-heading\"><strong>Redes Internas y Externas<\/strong><\/h3>\n\n\n\n<p>Realizamos <strong>Pentest en redes internas y externas<\/strong> para identificar debilidades de seguridad en tu infraestructura. Simulamos ataques reales combinando t\u00e9cnicas manuales avanzadas y herramientas especializadas, siguiendo est\u00e1ndares internacionales, para entregar reportes claros, priorizados y con recomendaciones pr\u00e1cticas.<\/p>\n\n\n\n<h3 class=\"wp-block-heading\"><strong>Ingenier\u00eda Social<\/strong><\/h3>\n\n\n\n<p>Realizamos <strong>pruebas de Ingenier\u00eda Social<\/strong> (vishing, phishing, smishing y ataques f\u00edsicos) para evaluar la resistencia humana ante ataques reales. Medimos la conciencia de seguridad de tu equipo y entregamos reportes detallados con resultados, m\u00e9tricas de \u00e9xito y recomendaciones espec\u00edficas para fortalecer tu principal l\u00ednea de defensa: las personas.<\/p>\n\n\n\n<h3 class=\"wp-block-heading\"><strong>Cursos y Capacitaciones<\/strong><\/h3>\n\n\n\n<p>Ofrecemos <strong>cursos y capacitaciones especializadas en ciberseguridad<\/strong> dise\u00f1ados para equipos t\u00e9cnicos y no t\u00e9cnicos. Desde concienciaci\u00f3n en seguridad hasta formaci\u00f3n avanzada en ethical hacking, pentest y secure development. Contenidos pr\u00e1cticos, actualizados y adaptados a las necesidades reales de tu organizaci\u00f3n.<\/p>\n","protected":false},"excerpt":{"rendered":"<p>Ofrecemos soluciones de seguridad, an\u00e1lisis de riesgos, pruebas de penetration y practicas de equipo rojo. Ponemos a prueba la seguridad de su organizaci\u00f3n, detectando riesgos y optimizando los mecanismos de defensas de su infrastructura. \u00a0Aplicaciones Web Realizamos Pentest profesionales en aplicaciones web para identificar y eliminar vulnerabilidades antes de que un atacante las explote. Combinamos [&hellip;]<\/p>\n","protected":false},"author":1,"featured_media":0,"parent":0,"menu_order":0,"comment_status":"closed","ping_status":"closed","template":"","meta":{"_acf_changed":false,"footnotes":""},"class_list":["post-10","page","type-page","status-publish","hentry"],"acf":[],"_links":{"self":[{"href":"https:\/\/www.codefend.com\/w\/wp-json\/wp\/v2\/pages\/10","targetHints":{"allow":["GET"]}}],"collection":[{"href":"https:\/\/www.codefend.com\/w\/wp-json\/wp\/v2\/pages"}],"about":[{"href":"https:\/\/www.codefend.com\/w\/wp-json\/wp\/v2\/types\/page"}],"author":[{"embeddable":true,"href":"https:\/\/www.codefend.com\/w\/wp-json\/wp\/v2\/users\/1"}],"replies":[{"embeddable":true,"href":"https:\/\/www.codefend.com\/w\/wp-json\/wp\/v2\/comments?post=10"}],"version-history":[{"count":11,"href":"https:\/\/www.codefend.com\/w\/wp-json\/wp\/v2\/pages\/10\/revisions"}],"predecessor-version":[{"id":54,"href":"https:\/\/www.codefend.com\/w\/wp-json\/wp\/v2\/pages\/10\/revisions\/54"}],"wp:attachment":[{"href":"https:\/\/www.codefend.com\/w\/wp-json\/wp\/v2\/media?parent=10"}],"curies":[{"name":"wp","href":"https:\/\/api.w.org\/{rel}","templated":true}]}}